{"id":3387,"date":"2024-03-29T05:18:37","date_gmt":"2024-03-29T05:18:37","guid":{"rendered":"https:\/\/xml-io.proteusthemes.com\/buildpress-elementor\/?page_id=3387"},"modified":"2025-09-03T18:13:40","modified_gmt":"2025-09-03T18:13:40","slug":"design-and-build","status":"publish","type":"page","link":"https:\/\/protravaux.webr.ma\/index.php\/our-services\/design-and-build\/","title":{"rendered":"Design and Build"},"content":{"rendered":"\t\t<div data-elementor-type=\"wp-page\" data-elementor-id=\"3387\" class=\"elementor elementor-3387\">\n\t\t\t\t\t\t<section class=\"elementor-section elementor-top-section elementor-element elementor-element-cababf3 elementor-section-stretched elementor-section-boxed elementor-section-height-default elementor-section-height-default\" data-id=\"cababf3\" data-element_type=\"section\" data-settings=\"{&quot;stretch_section&quot;:&quot;section-stretched&quot;,&quot;background_background&quot;:&quot;classic&quot;}\">\n\t\t\t\t\t\t<div class=\"elementor-container elementor-column-gap-default\">\n\t\t\t\t\t<div class=\"elementor-column elementor-col-100 elementor-top-column elementor-element elementor-element-44ce2ba\" data-id=\"44ce2ba\" data-element_type=\"column\">\n\t\t\t<div class=\"elementor-widget-wrap elementor-element-populated\">\n\t\t\t\t\t\t<div class=\"elementor-element elementor-element-87d2521 elementor-widget elementor-widget-heading\" data-id=\"87d2521\" data-element_type=\"widget\" data-widget_type=\"heading.default\">\n\t\t\t\t\t<h1 class=\"elementor-heading-title elementor-size-default\">Design and Build<\/h1>\t\t\t\t<\/div>\n\t\t\t\t\t<\/div>\n\t\t<\/div>\n\t\t\t\t\t<\/div>\n\t\t<\/section>\n\t\t\t\t<section class=\"elementor-section elementor-top-section elementor-element elementor-element-2ee84f7 elementor-section-stretched elementor-section-boxed elementor-section-height-default elementor-section-height-default\" data-id=\"2ee84f7\" data-element_type=\"section\" data-settings=\"{&quot;stretch_section&quot;:&quot;section-stretched&quot;}\">\n\t\t\t\t\t\t<div class=\"elementor-container elementor-column-gap-default\">\n\t\t\t\t\t<div class=\"elementor-column elementor-col-100 elementor-top-column elementor-element elementor-element-2bb9340\" data-id=\"2bb9340\" data-element_type=\"column\">\n\t\t\t<div class=\"elementor-widget-wrap elementor-element-populated\">\n\t\t\t\t\t\t<div class=\"elementor-element elementor-element-63df73a elementor-widget__width-auto elementor-widget-mobile__width-auto elementor-widget elementor-widget-hfe-site-title\" data-id=\"63df73a\" data-element_type=\"widget\" data-widget_type=\"hfe-site-title.default\">\n\t\t\t\t<div class=\"elementor-widget-container\">\n\t\t\t\t\t\n\t\t<div class=\"hfe-module-content hfe-heading-wrapper elementor-widget-heading\">\n\t\t\t\t\t\t\t<a href=\"https:\/\/protravaux.webr.ma\">\n\t\t\t\t\t\t\t<h2 class=\"hfe-heading elementor-heading-title elementor-size-default\">\n\t\t\t\t\t\t\t\t\t<span class=\"hfe-heading-text\" >\n\t\t\t\t\t\t\t\t\t\tProTravaux\t\t\t\t\t\t\t\t\t\t<\/span>\t\t\t\n\t\t\t<\/h2>\n\t\t\t<\/a>\t\t\n\t\t<\/div>\n\t\t\t\t\t\t<\/div>\n\t\t\t\t<\/div>\n\t\t\t\t<div class=\"elementor-element elementor-element-43fa625 elementor-widget__width-initial elementor-widget elementor-widget-image\" data-id=\"43fa625\" data-element_type=\"widget\" data-widget_type=\"image.default\">\n\t\t\t\t\t\t\t\t\t\t\t\t\t\t\t<img decoding=\"async\" width=\"65\" height=\"186\" src=\"https:\/\/protravaux.webr.ma\/wp-content\/uploads\/2024\/03\/main-icon.png\" class=\"attachment-full size-full wp-image-3977\" alt=\"\" \/>\t\t\t\t\t\t\t\t\t\t\t\t\t\t\t<\/div>\n\t\t\t\t<div class=\"elementor-element elementor-element-b65e7b6 elementor-icon-list--layout-inline elementor-widget__width-auto elementor-list-item-link-full_width elementor-widget elementor-widget-icon-list\" data-id=\"b65e7b6\" data-element_type=\"widget\" data-widget_type=\"icon-list.default\">\n\t\t\t\t\t\t\t<ul class=\"elementor-icon-list-items elementor-inline-items\">\n\t\t\t\t\t\t\t<li class=\"elementor-icon-list-item elementor-inline-item\">\n\t\t\t\t\t\t\t\t\t\t\t<a href=\"\/our-services\/\">\n\n\t\t\t\t\t\t\t\t\t\t\t<span class=\"elementor-icon-list-text\">Our Services<\/span>\n\t\t\t\t\t\t\t\t\t\t\t<\/a>\n\t\t\t\t\t\t\t\t\t<\/li>\n\t\t\t\t\t\t<\/ul>\n\t\t\t\t\t\t<\/div>\n\t\t\t\t<div class=\"elementor-element elementor-element-8c3766f elementor-widget__width-initial elementor-widget elementor-widget-image\" data-id=\"8c3766f\" data-element_type=\"widget\" data-widget_type=\"image.default\">\n\t\t\t\t\t\t\t\t\t\t\t\t\t\t\t<img decoding=\"async\" width=\"65\" height=\"186\" src=\"https:\/\/protravaux.webr.ma\/wp-content\/uploads\/2024\/03\/main-icon.png\" class=\"attachment-full size-full wp-image-3977\" alt=\"\" \/>\t\t\t\t\t\t\t\t\t\t\t\t\t\t\t<\/div>\n\t\t\t\t<div class=\"elementor-element elementor-element-5b2834c elementor-widget__width-auto elementor-icon-list--layout-traditional elementor-list-item-link-full_width elementor-widget elementor-widget-icon-list\" data-id=\"5b2834c\" data-element_type=\"widget\" data-widget_type=\"icon-list.default\">\n\t\t\t\t\t\t\t<ul class=\"elementor-icon-list-items\">\n\t\t\t\t\t\t\t<li class=\"elementor-icon-list-item\">\n\t\t\t\t\t\t\t\t\t\t<span class=\"elementor-icon-list-text\">Design and Build<\/span>\n\t\t\t\t\t\t\t\t\t<\/li>\n\t\t\t\t\t\t<\/ul>\n\t\t\t\t\t\t<\/div>\n\t\t\t\t\t<\/div>\n\t\t<\/div>\n\t\t\t\t\t<\/div>\n\t\t<\/section>\n\t\t\t\t<section class=\"elementor-section elementor-top-section elementor-element elementor-element-ccc8c71 elementor-section-stretched elementor-reverse-mobile elementor-section-boxed elementor-section-height-default elementor-section-height-default\" data-id=\"ccc8c71\" data-element_type=\"section\" data-settings=\"{&quot;stretch_section&quot;:&quot;section-stretched&quot;}\">\n\t\t\t\t\t\t<div class=\"elementor-container elementor-column-gap-default\">\n\t\t\t\t\t<div class=\"elementor-column elementor-col-50 elementor-top-column elementor-element elementor-element-aee9bbd\" data-id=\"aee9bbd\" data-element_type=\"column\">\n\t\t\t<div class=\"elementor-widget-wrap elementor-element-populated\">\n\t\t\t\t\t\t<div class=\"elementor-element elementor-element-f4e91f2 hfe-nav-menu__align-justify hfe-nav-menu__breakpoint-none hfe-submenu-icon-arrow hfe-link-redirect-child elementor-widget elementor-widget-navigation-menu\" data-id=\"f4e91f2\" data-element_type=\"widget\" data-settings=\"{&quot;padding_horizontal_menu_item&quot;:{&quot;unit&quot;:&quot;px&quot;,&quot;size&quot;:20,&quot;sizes&quot;:[]},&quot;padding_vertical_menu_item&quot;:{&quot;unit&quot;:&quot;px&quot;,&quot;size&quot;:20,&quot;sizes&quot;:[]},&quot;menu_space_between&quot;:{&quot;unit&quot;:&quot;px&quot;,&quot;size&quot;:2,&quot;sizes&quot;:[]},&quot;menu_space_between_tablet&quot;:{&quot;unit&quot;:&quot;px&quot;,&quot;size&quot;:2,&quot;sizes&quot;:[]},&quot;menu_space_between_mobile&quot;:{&quot;unit&quot;:&quot;px&quot;,&quot;size&quot;:2,&quot;sizes&quot;:[]},&quot;padding_horizontal_menu_item_tablet&quot;:{&quot;unit&quot;:&quot;px&quot;,&quot;size&quot;:&quot;&quot;,&quot;sizes&quot;:[]},&quot;padding_horizontal_menu_item_mobile&quot;:{&quot;unit&quot;:&quot;px&quot;,&quot;size&quot;:&quot;&quot;,&quot;sizes&quot;:[]},&quot;padding_vertical_menu_item_tablet&quot;:{&quot;unit&quot;:&quot;px&quot;,&quot;size&quot;:&quot;&quot;,&quot;sizes&quot;:[]},&quot;padding_vertical_menu_item_mobile&quot;:{&quot;unit&quot;:&quot;px&quot;,&quot;size&quot;:&quot;&quot;,&quot;sizes&quot;:[]},&quot;dropdown_border_radius&quot;:{&quot;unit&quot;:&quot;px&quot;,&quot;top&quot;:&quot;&quot;,&quot;right&quot;:&quot;&quot;,&quot;bottom&quot;:&quot;&quot;,&quot;left&quot;:&quot;&quot;,&quot;isLinked&quot;:true},&quot;dropdown_border_radius_tablet&quot;:{&quot;unit&quot;:&quot;px&quot;,&quot;top&quot;:&quot;&quot;,&quot;right&quot;:&quot;&quot;,&quot;bottom&quot;:&quot;&quot;,&quot;left&quot;:&quot;&quot;,&quot;isLinked&quot;:true},&quot;dropdown_border_radius_mobile&quot;:{&quot;unit&quot;:&quot;px&quot;,&quot;top&quot;:&quot;&quot;,&quot;right&quot;:&quot;&quot;,&quot;bottom&quot;:&quot;&quot;,&quot;left&quot;:&quot;&quot;,&quot;isLinked&quot;:true},&quot;padding_horizontal_dropdown_item&quot;:{&quot;unit&quot;:&quot;px&quot;,&quot;size&quot;:&quot;&quot;,&quot;sizes&quot;:[]},&quot;padding_horizontal_dropdown_item_tablet&quot;:{&quot;unit&quot;:&quot;px&quot;,&quot;size&quot;:&quot;&quot;,&quot;sizes&quot;:[]},&quot;padding_horizontal_dropdown_item_mobile&quot;:{&quot;unit&quot;:&quot;px&quot;,&quot;size&quot;:&quot;&quot;,&quot;sizes&quot;:[]},&quot;padding_vertical_dropdown_item&quot;:{&quot;unit&quot;:&quot;px&quot;,&quot;size&quot;:15,&quot;sizes&quot;:[]},&quot;padding_vertical_dropdown_item_tablet&quot;:{&quot;unit&quot;:&quot;px&quot;,&quot;size&quot;:&quot;&quot;,&quot;sizes&quot;:[]},&quot;padding_vertical_dropdown_item_mobile&quot;:{&quot;unit&quot;:&quot;px&quot;,&quot;size&quot;:&quot;&quot;,&quot;sizes&quot;:[]},&quot;distance_from_menu&quot;:{&quot;unit&quot;:&quot;px&quot;,&quot;size&quot;:&quot;&quot;,&quot;sizes&quot;:[]},&quot;distance_from_menu_tablet&quot;:{&quot;unit&quot;:&quot;px&quot;,&quot;size&quot;:&quot;&quot;,&quot;sizes&quot;:[]},&quot;distance_from_menu_mobile&quot;:{&quot;unit&quot;:&quot;px&quot;,&quot;size&quot;:&quot;&quot;,&quot;sizes&quot;:[]},&quot;toggle_size&quot;:{&quot;unit&quot;:&quot;px&quot;,&quot;size&quot;:&quot;&quot;,&quot;sizes&quot;:[]},&quot;toggle_size_tablet&quot;:{&quot;unit&quot;:&quot;px&quot;,&quot;size&quot;:&quot;&quot;,&quot;sizes&quot;:[]},&quot;toggle_size_mobile&quot;:{&quot;unit&quot;:&quot;px&quot;,&quot;size&quot;:&quot;&quot;,&quot;sizes&quot;:[]},&quot;toggle_border_width&quot;:{&quot;unit&quot;:&quot;px&quot;,&quot;size&quot;:&quot;&quot;,&quot;sizes&quot;:[]},&quot;toggle_border_width_tablet&quot;:{&quot;unit&quot;:&quot;px&quot;,&quot;size&quot;:&quot;&quot;,&quot;sizes&quot;:[]},&quot;toggle_border_width_mobile&quot;:{&quot;unit&quot;:&quot;px&quot;,&quot;size&quot;:&quot;&quot;,&quot;sizes&quot;:[]},&quot;toggle_border_radius&quot;:{&quot;unit&quot;:&quot;px&quot;,&quot;size&quot;:&quot;&quot;,&quot;sizes&quot;:[]},&quot;toggle_border_radius_tablet&quot;:{&quot;unit&quot;:&quot;px&quot;,&quot;size&quot;:&quot;&quot;,&quot;sizes&quot;:[]},&quot;toggle_border_radius_mobile&quot;:{&quot;unit&quot;:&quot;px&quot;,&quot;size&quot;:&quot;&quot;,&quot;sizes&quot;:[]}}\" data-widget_type=\"navigation-menu.default\">\n\t\t\t\t<div class=\"elementor-widget-container\">\n\t\t\t\t\t\t\t\t<div class=\"hfe-nav-menu hfe-layout-vertical hfe-nav-menu-layout vertical\" data-layout=\"vertical\">\n\t\t\t\t<div role=\"button\" class=\"hfe-nav-menu__toggle elementor-clickable\" tabindex=\"0\" aria-label=\"Menu Toggle\">\n\t\t\t\t\t<span class=\"screen-reader-text\">Menu<\/span>\n\t\t\t\t\t<div class=\"hfe-nav-menu-icon\">\n\t\t\t\t\t\t\t\t\t\t\t<\/div>\n\t\t\t\t<\/div>\n\t\t\t\t<nav class=\"hfe-nav-menu__layout-vertical hfe-nav-menu__submenu-arrow\" data-toggle-icon=\"\" data-close-icon=\"\" data-full-width=\"\">\n\t\t\t\t\t<ul id=\"menu-1-f4e91f2\" class=\"hfe-nav-menu\"><li id=\"menu-item-6461\" class=\"menu-item menu-item-type-post_type menu-item-object-page parent hfe-creative-menu\"><a href=\"https:\/\/protravaux.webr.ma\/index.php\/our-services\/\" class = \"hfe-menu-item\">All Services<\/a><\/li>\n<li id=\"menu-item-6467\" class=\"menu-item menu-item-type-post_type menu-item-object-page parent hfe-creative-menu\"><a href=\"https:\/\/protravaux.webr.ma\/index.php\/our-services\/construction-management\/\" class = \"hfe-menu-item\">Faux plafond &#038; pl\u00e2tre<\/a><\/li>\n<li id=\"menu-item-6466\" class=\"menu-item menu-item-type-post_type menu-item-object-page parent hfe-creative-menu\"><a href=\"https:\/\/protravaux.webr.ma\/index.php\/our-services\/design-and-build\/\" class = \"hfe-menu-item\">Travaux d\u2019\u00e9lectricit\u00e9<\/a><\/li>\n<li id=\"menu-item-6465\" class=\"menu-item menu-item-type-post_type menu-item-object-page parent hfe-creative-menu\"><a href=\"https:\/\/protravaux.webr.ma\/index.php\/our-services\/kitchen-remodeling\/\" class = \"hfe-menu-item\">Pose de carrelage<\/a><\/li>\n<li id=\"menu-item-6464\" class=\"menu-item menu-item-type-post_type menu-item-object-page parent hfe-creative-menu\"><a href=\"https:\/\/protravaux.webr.ma\/index.php\/our-services\/tiling-and-painting\/\" class = \"hfe-menu-item\">Peinture int\u00e9rieure &#038; ext\u00e9rieure<\/a><\/li>\n<\/ul> \n\t\t\t\t<\/nav>\n\t\t\t<\/div>\n\t\t\t\t\t\t\t<\/div>\n\t\t\t\t<\/div>\n\t\t\t\t\t<\/div>\n\t\t<\/div>\n\t\t\t\t<div class=\"elementor-column elementor-col-50 elementor-top-column elementor-element elementor-element-2b46ba5\" data-id=\"2b46ba5\" data-element_type=\"column\">\n\t\t\t<div class=\"elementor-widget-wrap elementor-element-populated\">\n\t\t\t\t\t\t<section class=\"elementor-section elementor-inner-section elementor-element elementor-element-6cf2f05 elementor-section-boxed elementor-section-height-default elementor-section-height-default\" data-id=\"6cf2f05\" data-element_type=\"section\">\n\t\t\t\t\t\t<div class=\"elementor-container elementor-column-gap-default\">\n\t\t\t\t\t<div class=\"elementor-column elementor-col-50 elementor-inner-column elementor-element elementor-element-734c206\" data-id=\"734c206\" data-element_type=\"column\">\n\t\t\t<div class=\"elementor-widget-wrap elementor-element-populated\">\n\t\t\t\t\t\t<div class=\"elementor-element elementor-element-3413840 elementor-widget elementor-widget-image\" data-id=\"3413840\" data-element_type=\"widget\" data-widget_type=\"image.default\">\n\t\t\t\t\t\t\t\t\t\t\t\t\t\t\t<img fetchpriority=\"high\" decoding=\"async\" width=\"900\" height=\"600\" src=\"https:\/\/protravaux.webr.ma\/wp-content\/uploads\/2025\/09\/electricien-val-d-oise-95.jpg\" class=\"attachment-full size-full wp-image-6591\" alt=\"\" srcset=\"https:\/\/protravaux.webr.ma\/wp-content\/uploads\/2025\/09\/electricien-val-d-oise-95.jpg 900w, https:\/\/protravaux.webr.ma\/wp-content\/uploads\/2025\/09\/electricien-val-d-oise-95-300x200.jpg 300w, https:\/\/protravaux.webr.ma\/wp-content\/uploads\/2025\/09\/electricien-val-d-oise-95-768x512.jpg 768w, https:\/\/protravaux.webr.ma\/wp-content\/uploads\/2025\/09\/electricien-val-d-oise-95-555x370.jpg 555w, https:\/\/protravaux.webr.ma\/wp-content\/uploads\/2025\/09\/electricien-val-d-oise-95-600x400.jpg 600w\" sizes=\"(max-width: 900px) 100vw, 900px\" \/>\t\t\t\t\t\t\t\t\t\t\t\t\t\t\t<\/div>\n\t\t\t\t<div class=\"elementor-element elementor-element-c44cada elementor-widget elementor-widget-image\" data-id=\"c44cada\" data-element_type=\"widget\" data-widget_type=\"image.default\">\n\t\t\t\t\t\t\t\t\t\t\t\t\t\t\t<img decoding=\"async\" width=\"1024\" height=\"576\" src=\"https:\/\/protravaux.webr.ma\/wp-content\/uploads\/2025\/09\/Cons_Ratgeber_Beleuchtung-im-Wohnzimmer_Mi_Paulmann_2020_07_009.webp\" class=\"attachment-full size-full wp-image-6592\" alt=\"\" srcset=\"https:\/\/protravaux.webr.ma\/wp-content\/uploads\/2025\/09\/Cons_Ratgeber_Beleuchtung-im-Wohnzimmer_Mi_Paulmann_2020_07_009.webp 1024w, https:\/\/protravaux.webr.ma\/wp-content\/uploads\/2025\/09\/Cons_Ratgeber_Beleuchtung-im-Wohnzimmer_Mi_Paulmann_2020_07_009-300x169.webp 300w, https:\/\/protravaux.webr.ma\/wp-content\/uploads\/2025\/09\/Cons_Ratgeber_Beleuchtung-im-Wohnzimmer_Mi_Paulmann_2020_07_009-768x432.webp 768w, https:\/\/protravaux.webr.ma\/wp-content\/uploads\/2025\/09\/Cons_Ratgeber_Beleuchtung-im-Wohnzimmer_Mi_Paulmann_2020_07_009-360x202.webp 360w, https:\/\/protravaux.webr.ma\/wp-content\/uploads\/2025\/09\/Cons_Ratgeber_Beleuchtung-im-Wohnzimmer_Mi_Paulmann_2020_07_009-555x312.webp 555w, https:\/\/protravaux.webr.ma\/wp-content\/uploads\/2025\/09\/Cons_Ratgeber_Beleuchtung-im-Wohnzimmer_Mi_Paulmann_2020_07_009-600x338.webp 600w\" sizes=\"(max-width: 1024px) 100vw, 1024px\" \/>\t\t\t\t\t\t\t\t\t\t\t\t\t\t\t<\/div>\n\t\t\t\t\t<\/div>\n\t\t<\/div>\n\t\t\t\t<div class=\"elementor-column elementor-col-50 elementor-inner-column elementor-element elementor-element-dd1289e\" data-id=\"dd1289e\" data-element_type=\"column\">\n\t\t\t<div class=\"elementor-widget-wrap elementor-element-populated\">\n\t\t\t\t\t\t<div class=\"elementor-element elementor-element-3614276 elementor-widget elementor-widget-text-editor\" data-id=\"3614276\" data-element_type=\"widget\" data-widget_type=\"text-editor.default\">\n\t\t\t\t\t\t\t\t\t<p data-start=\"156\" data-end=\"639\">Nous offrons des services complets en <strong data-start=\"194\" data-end=\"219\">travaux d\u2019\u00e9lectricit\u00e9<\/strong>, couvrant aussi bien les nouvelles installations que la r\u00e9novation et la mise en conformit\u00e9. Notre expertise englobe l\u2019ensemble des besoins \u00e9lectriques d\u2019une maison ou d\u2019un local professionnel : c\u00e2blage, tableaux \u00e9lectriques, \u00e9clairage int\u00e9rieur et ext\u00e9rieur, ainsi que la pose de syst\u00e8mes modernes et \u00e9conomes en \u00e9nergie. Chaque projet est r\u00e9alis\u00e9 avec pr\u00e9cision et dans le respect des normes de s\u00e9curit\u00e9 en vigueur.<\/p>\t\t\t\t\t\t\t\t<\/div>\n\t\t\t\t<div class=\"elementor-element elementor-element-c278b98 elementor-widget elementor-widget-text-editor\" data-id=\"c278b98\" data-element_type=\"widget\" data-widget_type=\"text-editor.default\">\n\t\t\t\t\t\t\t\t\t<p data-start=\"1060\" data-end=\"1377\">Notre objectif est de garantir des installations s\u00fbres, durables et adapt\u00e9es \u00e0 vos besoins. Gr\u00e2ce \u00e0 notre exp\u00e9rience, nous mettons en place des solutions \u00e9lectriques performantes qui am\u00e9liorent votre confort tout en optimisant la consommation d\u2019\u00e9nergie. Qu\u2019il s\u2019agisse d\u2019un projet r\u00e9sidentiel ou professionnel, nous nous engageons \u00e0 offrir des prestations de qualit\u00e9 qui assurent fiabilit\u00e9 et tranquillit\u00e9 d\u2019esprit.<\/p>\t\t\t\t\t\t\t\t<\/div>\n\t\t\t\t<div class=\"elementor-element elementor-element-5503d3c elementor-widget elementor-widget-text-editor\" data-id=\"5503d3c\" data-element_type=\"widget\" data-widget_type=\"text-editor.default\">\n\t\t\t\t\t\t\t\t\t<p data-start=\"1060\" data-end=\"1377\">Le s\u00e9rieux et le respect des d\u00e9lais sont au c\u0153ur de notre approche. Chaque chantier est planifi\u00e9 avec soin et ex\u00e9cut\u00e9 par des \u00e9lectriciens qualifi\u00e9s, utilisant des \u00e9quipements et mat\u00e9riaux certifi\u00e9s. Nous intervenons aussi bien pour les petits travaux de d\u00e9pannage que pour des installations compl\u00e8tes et complexes.<\/p><p data-start=\"1379\" data-end=\"1769\">\u00a0<\/p>\t\t\t\t\t\t\t\t<\/div>\n\t\t\t\t\t<\/div>\n\t\t<\/div>\n\t\t\t\t\t<\/div>\n\t\t<\/section>\n\t\t\t\t\t<\/div>\n\t\t<\/div>\n\t\t\t\t\t<\/div>\n\t\t<\/section>\n\t\t\t\t<\/div>\n\t\t\n    <div class=\"xs_social_share_widget xs_share_url after_content \t\tmain_content  wslu-style-1 wslu-share-box-shaped wslu-fill-colored wslu-none wslu-share-horizontal wslu-theme-font-no wslu-main_content\">\n\n\t\t\n        <ul>\n\t\t\t        <\/ul>\n    <\/div> \n","protected":false},"excerpt":{"rendered":"<p>Design and Build ProTravaux Our Services Design and Build Menu All Services Faux plafond &#038; pl\u00e2tre Travaux d\u2019\u00e9lectricit\u00e9 Pose de carrelage Peinture int\u00e9rieure &#038; ext\u00e9rieure Nous offrons des services complets en travaux d\u2019\u00e9lectricit\u00e9, couvrant aussi bien les nouvelles installations que la r\u00e9novation et la mise en conformit\u00e9. Notre expertise englobe l\u2019ensemble des besoins \u00e9lectriques d\u2019une &hellip;<\/p>\n","protected":false},"author":1,"featured_media":0,"parent":3258,"menu_order":0,"comment_status":"closed","ping_status":"closed","template":"","meta":{"_acf_changed":false,"_monsterinsights_skip_tracking":false,"_monsterinsights_sitenote_active":false,"_monsterinsights_sitenote_note":"","_monsterinsights_sitenote_category":0,"postBodyCss":"","postBodyMargin":[],"postBodyPadding":[],"postBodyBackground":{"backgroundType":"classic","gradient":""},"footnotes":""},"class_list":["post-3387","page","type-page","status-publish","hentry"],"acf":[],"aioseo_notices":[],"_links":{"self":[{"href":"https:\/\/protravaux.webr.ma\/index.php\/wp-json\/wp\/v2\/pages\/3387","targetHints":{"allow":["GET"]}}],"collection":[{"href":"https:\/\/protravaux.webr.ma\/index.php\/wp-json\/wp\/v2\/pages"}],"about":[{"href":"https:\/\/protravaux.webr.ma\/index.php\/wp-json\/wp\/v2\/types\/page"}],"author":[{"embeddable":true,"href":"https:\/\/protravaux.webr.ma\/index.php\/wp-json\/wp\/v2\/users\/1"}],"replies":[{"embeddable":true,"href":"https:\/\/protravaux.webr.ma\/index.php\/wp-json\/wp\/v2\/comments?post=3387"}],"version-history":[{"count":4,"href":"https:\/\/protravaux.webr.ma\/index.php\/wp-json\/wp\/v2\/pages\/3387\/revisions"}],"predecessor-version":[{"id":6595,"href":"https:\/\/protravaux.webr.ma\/index.php\/wp-json\/wp\/v2\/pages\/3387\/revisions\/6595"}],"up":[{"embeddable":true,"href":"https:\/\/protravaux.webr.ma\/index.php\/wp-json\/wp\/v2\/pages\/3258"}],"wp:attachment":[{"href":"https:\/\/protravaux.webr.ma\/index.php\/wp-json\/wp\/v2\/media?parent=3387"}],"curies":[{"name":"wp","href":"https:\/\/api.w.org\/{rel}","templated":true}]}}